{"id":265,"date":"2019-05-08T10:17:47","date_gmt":"2019-05-08T10:17:47","guid":{"rendered":"http:\/\/www.taselta.fi\/?page_id=265"},"modified":"2019-05-08T10:26:36","modified_gmt":"2019-05-08T10:26:36","slug":"mb-e-220cdi-2010","status":"publish","type":"page","link":"http:\/\/www.taselta.fi\/?page_id=265","title":{"rendered":"MB E 220cdi 2010"},"content":{"rendered":"\n<figure class=\"wp-block-image\"><img decoding=\"async\" src=\"http:\/\/www.taselta.fi\/wp-content\/uploads\/2019\/05\/IMG_20190214_150545_LI-1024x768.jpg\" alt=\"\" class=\"wp-image-264\"\/><\/figure>\n\n\n\n<p>T\u00e4ss\u00e4 taas hyv\u00e4 ja hieno Mese. T\u00e4t\u00e4 el\u00e4invahingon k\u00e4rsinytt\u00e4 Mersua ei muokattu, vaan tein t\u00e4st\u00e4 t\u00e4ysin alkuper\u00e4isen n\u00e4k\u00f6isen. Komia tuli. <\/p>\n","protected":false},"excerpt":{"rendered":"<p>T\u00e4ss\u00e4 taas hyv\u00e4 ja hieno Mese. T\u00e4t\u00e4 el\u00e4invahingon k\u00e4rsinytt\u00e4 Mersua ei muokattu, vaan tein t\u00e4st\u00e4 t\u00e4ysin alkuper\u00e4isen n\u00e4k\u00f6isen. Komia tuli.<\/p>\n","protected":false},"author":1,"featured_media":0,"parent":40,"menu_order":0,"comment_status":"closed","ping_status":"closed","template":"","meta":{"footnotes":""},"class_list":{"0":"post-265","1":"page","2":"type-page","3":"status-publish","5":"entry"},"_links":{"self":[{"href":"http:\/\/www.taselta.fi\/index.php?rest_route=\/wp\/v2\/pages\/265","targetHints":{"allow":["GET"]}}],"collection":[{"href":"http:\/\/www.taselta.fi\/index.php?rest_route=\/wp\/v2\/pages"}],"about":[{"href":"http:\/\/www.taselta.fi\/index.php?rest_route=\/wp\/v2\/types\/page"}],"author":[{"embeddable":true,"href":"http:\/\/www.taselta.fi\/index.php?rest_route=\/wp\/v2\/users\/1"}],"replies":[{"embeddable":true,"href":"http:\/\/www.taselta.fi\/index.php?rest_route=%2Fwp%2Fv2%2Fcomments&post=265"}],"version-history":[{"count":2,"href":"http:\/\/www.taselta.fi\/index.php?rest_route=\/wp\/v2\/pages\/265\/revisions"}],"predecessor-version":[{"id":267,"href":"http:\/\/www.taselta.fi\/index.php?rest_route=\/wp\/v2\/pages\/265\/revisions\/267"}],"up":[{"embeddable":true,"href":"http:\/\/www.taselta.fi\/index.php?rest_route=\/wp\/v2\/pages\/40"}],"wp:attachment":[{"href":"http:\/\/www.taselta.fi\/index.php?rest_route=%2Fwp%2Fv2%2Fmedia&parent=265"}],"curies":[{"name":"wp","href":"https:\/\/api.w.org\/{rel}","templated":true}]}}