{"id":300,"date":"2020-07-01T09:29:22","date_gmt":"2020-07-01T09:29:22","guid":{"rendered":"http:\/\/www.taselta.fi\/?page_id=300"},"modified":"2020-07-01T09:29:22","modified_gmt":"2020-07-01T09:29:22","slug":"iin-keskustassa-natti-omakotitalo","status":"publish","type":"page","link":"http:\/\/www.taselta.fi\/?page_id=300","title":{"rendered":"Iin keskustassa n\u00e4tti omakotitalo"},"content":{"rendered":"\n<p>Kiinnostaako Iiss\u00e4 asuminen hyv\u00e4ll\u00e4 paikalla. <\/p>\n\n\n\n<p>Kaikki sis\u00e4pinnat uusittu 2019, kodinkoneet: pesukone, astianpesukone, mikro ja ilmal\u00e4mp\u00f6pumppu talossa valmiina.<\/p>\n\n\n\n<p>Koulu ja kaupat l\u00e4hell\u00e4. Iijoki 500 metrin p\u00e4\u00e4ss\u00e4.<\/p>\n\n\n\n<p>Ota yhteytt\u00e4 jos kiinnostaa: 0449893607 tai tase@taselta.fi<\/p>\n","protected":false},"excerpt":{"rendered":"<p>Kiinnostaako Iiss\u00e4 asuminen hyv\u00e4ll\u00e4 paikalla. Kaikki sis\u00e4pinnat uusittu 2019, kodinkoneet: pesukone, astianpesukone, mikro ja ilmal\u00e4mp\u00f6pumppu talossa valmiina. Koulu ja kaupat l\u00e4hell\u00e4. Iijoki 500 metrin p\u00e4\u00e4ss\u00e4. Ota yhteytt\u00e4 jos kiinnostaa: 0449893607 tai tase@taselta.fi<\/p>\n","protected":false},"author":1,"featured_media":0,"parent":289,"menu_order":0,"comment_status":"closed","ping_status":"closed","template":"","meta":{"footnotes":""},"class_list":{"0":"post-300","1":"page","2":"type-page","3":"status-publish","5":"entry"},"_links":{"self":[{"href":"http:\/\/www.taselta.fi\/index.php?rest_route=\/wp\/v2\/pages\/300","targetHints":{"allow":["GET"]}}],"collection":[{"href":"http:\/\/www.taselta.fi\/index.php?rest_route=\/wp\/v2\/pages"}],"about":[{"href":"http:\/\/www.taselta.fi\/index.php?rest_route=\/wp\/v2\/types\/page"}],"author":[{"embeddable":true,"href":"http:\/\/www.taselta.fi\/index.php?rest_route=\/wp\/v2\/users\/1"}],"replies":[{"embeddable":true,"href":"http:\/\/www.taselta.fi\/index.php?rest_route=%2Fwp%2Fv2%2Fcomments&post=300"}],"version-history":[{"count":1,"href":"http:\/\/www.taselta.fi\/index.php?rest_route=\/wp\/v2\/pages\/300\/revisions"}],"predecessor-version":[{"id":301,"href":"http:\/\/www.taselta.fi\/index.php?rest_route=\/wp\/v2\/pages\/300\/revisions\/301"}],"up":[{"embeddable":true,"href":"http:\/\/www.taselta.fi\/index.php?rest_route=\/wp\/v2\/pages\/289"}],"wp:attachment":[{"href":"http:\/\/www.taselta.fi\/index.php?rest_route=%2Fwp%2Fv2%2Fmedia&parent=300"}],"curies":[{"name":"wp","href":"https:\/\/api.w.org\/{rel}","templated":true}]}}