{"id":54,"date":"2017-12-23T20:36:18","date_gmt":"2017-12-23T20:36:18","guid":{"rendered":"http:\/\/www.taselta.fi\/?page_id=54"},"modified":"2020-05-09T08:28:00","modified_gmt":"2020-05-09T08:28:00","slug":"54-2","status":"publish","type":"page","link":"http:\/\/www.taselta.fi\/?page_id=54","title":{"rendered":"w212 E 250cdi 4matic 2014"},"content":{"rendered":"\n<figure class=\"wp-block-image\"><img loading=\"lazy\" decoding=\"async\" width=\"768\" height=\"1024\" src=\"http:\/\/www.taselta.fi\/wp-content\/uploads\/2018\/09\/IMG_20170615_230819_LI-768x1024.jpg\" alt=\"\" class=\"wp-image-165\" srcset=\"http:\/\/www.taselta.fi\/wp-content\/uploads\/2018\/09\/IMG_20170615_230819_LI-768x1024.jpg 768w, http:\/\/www.taselta.fi\/wp-content\/uploads\/2018\/09\/IMG_20170615_230819_LI-225x300.jpg 225w, http:\/\/www.taselta.fi\/wp-content\/uploads\/2018\/09\/IMG_20170615_230819_LI-1260x1680.jpg 1260w\" sizes=\"auto, (max-width: 768px) 100vw, 768px\" \/><\/figure>\n\n\n\n<p>T\u00e4m\u00e4 komia Mese oli kiveen kopsautettu. Edess\u00e4 vasemmalla iskunvaimennin ja tukivarret, lamppu, vetonivel vaihdettiin ja AMG puskuri p\u00e4ivitettiin keulalle. T\u00e4st\u00e4 tuli hyv\u00e4. Itsell\u00e4 t\u00e4m\u00e4 ajossa ja kyll\u00e4 olen tyk\u00e4nnyt ja ajettu vasta puolimiljoonaa kilometri\u00e4.<\/p>\n","protected":false},"excerpt":{"rendered":"<p>T\u00e4m\u00e4 komia Mese oli kiveen kopsautettu. Edess\u00e4 vasemmalla iskunvaimennin ja tukivarret, lamppu, vetonivel vaihdettiin ja AMG puskuri p\u00e4ivitettiin keulalle. T\u00e4st\u00e4 tuli hyv\u00e4. Itsell\u00e4 t\u00e4m\u00e4 ajossa ja kyll\u00e4 olen tyk\u00e4nnyt ja ajettu vasta puolimiljoonaa kilometri\u00e4.<\/p>\n","protected":false},"author":1,"featured_media":0,"parent":40,"menu_order":0,"comment_status":"closed","ping_status":"closed","template":"","meta":{"footnotes":""},"class_list":{"0":"post-54","1":"page","2":"type-page","3":"status-publish","5":"entry"},"_links":{"self":[{"href":"http:\/\/www.taselta.fi\/index.php?rest_route=\/wp\/v2\/pages\/54","targetHints":{"allow":["GET"]}}],"collection":[{"href":"http:\/\/www.taselta.fi\/index.php?rest_route=\/wp\/v2\/pages"}],"about":[{"href":"http:\/\/www.taselta.fi\/index.php?rest_route=\/wp\/v2\/types\/page"}],"author":[{"embeddable":true,"href":"http:\/\/www.taselta.fi\/index.php?rest_route=\/wp\/v2\/users\/1"}],"replies":[{"embeddable":true,"href":"http:\/\/www.taselta.fi\/index.php?rest_route=%2Fwp%2Fv2%2Fcomments&post=54"}],"version-history":[{"count":10,"href":"http:\/\/www.taselta.fi\/index.php?rest_route=\/wp\/v2\/pages\/54\/revisions"}],"predecessor-version":[{"id":288,"href":"http:\/\/www.taselta.fi\/index.php?rest_route=\/wp\/v2\/pages\/54\/revisions\/288"}],"up":[{"embeddable":true,"href":"http:\/\/www.taselta.fi\/index.php?rest_route=\/wp\/v2\/pages\/40"}],"wp:attachment":[{"href":"http:\/\/www.taselta.fi\/index.php?rest_route=%2Fwp%2Fv2%2Fmedia&parent=54"}],"curies":[{"name":"wp","href":"https:\/\/api.w.org\/{rel}","templated":true}]}}