{"id":65,"date":"2017-12-23T20:48:32","date_gmt":"2017-12-23T20:48:32","guid":{"rendered":"http:\/\/www.taselta.fi\/?page_id=65"},"modified":"2019-03-05T19:19:52","modified_gmt":"2019-03-05T19:19:52","slug":"w219","status":"publish","type":"page","link":"http:\/\/www.taselta.fi\/?page_id=65","title":{"rendered":"W219"},"content":{"rendered":"<p><a href=\"http:\/\/www.taselta.fi\/wp-content\/uploads\/2018\/09\/IMG_20180512_102609_LI.jpg\"><img loading=\"lazy\" decoding=\"async\" class=\"alignnone size-medium wp-image-172\" src=\"http:\/\/www.taselta.fi\/wp-content\/uploads\/2018\/09\/IMG_20180512_102609_LI-225x300.jpg\" alt=\"\" width=\"225\" height=\"300\" srcset=\"http:\/\/www.taselta.fi\/wp-content\/uploads\/2018\/09\/IMG_20180512_102609_LI-225x300.jpg 225w, http:\/\/www.taselta.fi\/wp-content\/uploads\/2018\/09\/IMG_20180512_102609_LI-768x1024.jpg 768w, http:\/\/www.taselta.fi\/wp-content\/uploads\/2018\/09\/IMG_20180512_102609_LI-1260x1680.jpg 1260w\" sizes=\"auto, (max-width: 225px) 100vw, 225px\" \/><\/a>T\u00e4ss\u00e4 taas AMG palikka mukavassa bensa koneessa vm.2008. Ota yhteytt\u00e4, jos sinulle pit\u00e4\u00e4 rakentaa hieno auto!<\/p>\n<p><a href=\"http:\/\/www.taselta.fi\/wp-content\/uploads\/2018\/09\/IMG_20180512_102517.jpg\"><img loading=\"lazy\" decoding=\"async\" class=\"size-medium wp-image-171\" src=\"http:\/\/www.taselta.fi\/wp-content\/uploads\/2018\/09\/IMG_20180512_102517-225x300.jpg\" alt=\"\" width=\"225\" height=\"300\" srcset=\"http:\/\/www.taselta.fi\/wp-content\/uploads\/2018\/09\/IMG_20180512_102517-225x300.jpg 225w, http:\/\/www.taselta.fi\/wp-content\/uploads\/2018\/09\/IMG_20180512_102517-768x1024.jpg 768w, http:\/\/www.taselta.fi\/wp-content\/uploads\/2018\/09\/IMG_20180512_102517-1260x1680.jpg 1260w\" sizes=\"auto, (max-width: 225px) 100vw, 225px\" \/><\/a><\/p>\n","protected":false},"excerpt":{"rendered":"<p>T\u00e4ss\u00e4 taas AMG palikka mukavassa bensa koneessa vm.2008. Ota yhteytt\u00e4, jos sinulle pit\u00e4\u00e4 rakentaa hieno auto!<\/p>\n","protected":false},"author":1,"featured_media":0,"parent":40,"menu_order":0,"comment_status":"closed","ping_status":"closed","template":"pages\/child-pages.php","meta":{"footnotes":""},"class_list":{"0":"post-65","1":"page","2":"type-page","3":"status-publish","5":"entry"},"_links":{"self":[{"href":"http:\/\/www.taselta.fi\/index.php?rest_route=\/wp\/v2\/pages\/65","targetHints":{"allow":["GET"]}}],"collection":[{"href":"http:\/\/www.taselta.fi\/index.php?rest_route=\/wp\/v2\/pages"}],"about":[{"href":"http:\/\/www.taselta.fi\/index.php?rest_route=\/wp\/v2\/types\/page"}],"author":[{"embeddable":true,"href":"http:\/\/www.taselta.fi\/index.php?rest_route=\/wp\/v2\/users\/1"}],"replies":[{"embeddable":true,"href":"http:\/\/www.taselta.fi\/index.php?rest_route=%2Fwp%2Fv2%2Fcomments&post=65"}],"version-history":[{"count":5,"href":"http:\/\/www.taselta.fi\/index.php?rest_route=\/wp\/v2\/pages\/65\/revisions"}],"predecessor-version":[{"id":219,"href":"http:\/\/www.taselta.fi\/index.php?rest_route=\/wp\/v2\/pages\/65\/revisions\/219"}],"up":[{"embeddable":true,"href":"http:\/\/www.taselta.fi\/index.php?rest_route=\/wp\/v2\/pages\/40"}],"wp:attachment":[{"href":"http:\/\/www.taselta.fi\/index.php?rest_route=%2Fwp%2Fv2%2Fmedia&parent=65"}],"curies":[{"name":"wp","href":"https:\/\/api.w.org\/{rel}","templated":true}]}}